{"id":2158,"date":"2020-05-12T07:27:29","date_gmt":"2020-05-12T07:27:29","guid":{"rendered":"http:\/\/localhost\/theratio\/?page_id=2158"},"modified":"2024-04-12T12:44:43","modified_gmt":"2024-04-12T12:44:43","slug":"our-studio","status":"publish","type":"page","link":"https:\/\/rossaceramica.com\/index.php\/our-studio\/","title":{"rendered":"O Nama"},"content":{"rendered":"\t\t<div data-elementor-type=\"wp-page\" data-elementor-id=\"2158\" class=\"elementor elementor-2158\">\n\t\t\t\t<div class=\"elementor-element elementor-element-5c760e7 e-con-full e-flex e-con e-parent\" data-id=\"5c760e7\" data-element_type=\"container\" data-core-v316-plus=\"true\">\n\t\t\t\t<div class=\"elementor-element elementor-element-f6e13c3 elementor-widget elementor-widget-wl-onepage-slider\" data-id=\"f6e13c3\" data-element_type=\"widget\" data-widget_type=\"wl-onepage-slider.default\">\n\t\t\t\t<div class=\"elementor-widget-container\">\n\t\t\t            <div class=\"ht-full-slider-area\">\n\n                <div class=\"ht-slider-pagination\">\n                    <ul id=\"ht-nav\">\n                        <li class=\"current\"><a href=\"#f6e13c32f4da8b\">2f4da8b<\/a><\/li><li class=\"\"><a href=\"#f6e13c38552078\">8552078<\/a><\/li>                    <\/ul>\n                <\/div>\n\n                                    <div id=\"f6e13c32f4da8b\" class=\"ht-single-full-slider ht-full-slider-bg-color-1 ht-slider-align-items-center ht-jarallax-img ht-parallax-active elementor-repeater-item-2f4da8b\" style=\"background-image:url(https:\/\/rossaceramica.com\/wp-content\/uploads\/2024\/04\/Untitled-2min.jpg)\">\n                        <div class=\"ht-container\">\n                            <div class=\"ht-full-slider-content\">\n                                <h2 class=\"wow fadeInUp\" data-wow-delay=\".5s\"><\/h2><h1 class=\"wow fadeInUp\" data-wow-delay=\".7s\">ROSSA CERAMICA<\/h1>\n                            <\/div>\n                        <\/div>\n                    <\/div>\n                                    <div id=\"f6e13c38552078\" class=\"ht-single-full-slider ht-full-slider-bg-color-2 ht-slider-align-items-center ht-jarallax-img ht-parallax-active elementor-repeater-item-8552078\" style=\"background-image:url(https:\/\/rossaceramica.com\/wp-content\/uploads\/2024\/04\/slajder4-1.jpg)\">\n                        <div class=\"ht-container\">\n                            <div class=\"ht-full-slider-content\">\n                                <h2 class=\"wow fadeInUp\" data-wow-delay=\".5s\">O NAMA<\/h2><h1 class=\"wow fadeInUp\" data-wow-delay=\".7s\">U na\u0161em asortimanu mo\u017eete prona\u0107i \u0161irok izbor kerami\u010dkih proizvoda, od klasi\u010dnih plo\u010dica do unikatnih mozaika. U skladu sa ure\u0111enjem Va\u0161eg doma ili komercijalnog prostora, mi imamo re\u0161enje koje \u0107e zadovoljiti Va\u0161e potrebe i estetske standarde.<br> Rossa Ceramica asortiman sadr\u017ei nekoliko kategorija: <br> <br>Rossa Basic <br> Rossa Standard  <br>Rossa Premium<br>Rossa Mosaic<\/h1>\n                            <\/div>\n                        <\/div>\n                    <\/div>\n                \n            <\/div>\n        \t\t<\/div>\n\t\t\t\t<\/div>\n\t\t\t\t<\/div>\n\t\t\t\t<\/div>\n\t\t","protected":false},"excerpt":{"rendered":"<p>[ our benefits ] Ambitious Studio with a Successful Concept &#038; Ideas Live minimalism is not about a &#8216;wrap&#8217; or visual look. It refers to feeling. [ +] Current Clients [ +] years of experience [ +] awards winning [ +] Offices Worldwide [ OUR SERVICES ] What Can We Offer The basic philosophy of [&hellip;]<\/p>\n","protected":false},"author":1,"featured_media":0,"parent":0,"menu_order":0,"comment_status":"closed","ping_status":"closed","template":"","meta":{"footnotes":""},"class_list":["post-2158","page","type-page","status-publish","hentry"],"_links":{"self":[{"href":"https:\/\/rossaceramica.com\/index.php\/wp-json\/wp\/v2\/pages\/2158","targetHints":{"allow":["GET"]}}],"collection":[{"href":"https:\/\/rossaceramica.com\/index.php\/wp-json\/wp\/v2\/pages"}],"about":[{"href":"https:\/\/rossaceramica.com\/index.php\/wp-json\/wp\/v2\/types\/page"}],"author":[{"embeddable":true,"href":"https:\/\/rossaceramica.com\/index.php\/wp-json\/wp\/v2\/users\/1"}],"replies":[{"embeddable":true,"href":"https:\/\/rossaceramica.com\/index.php\/wp-json\/wp\/v2\/comments?post=2158"}],"version-history":[{"count":63,"href":"https:\/\/rossaceramica.com\/index.php\/wp-json\/wp\/v2\/pages\/2158\/revisions"}],"predecessor-version":[{"id":5829,"href":"https:\/\/rossaceramica.com\/index.php\/wp-json\/wp\/v2\/pages\/2158\/revisions\/5829"}],"wp:attachment":[{"href":"https:\/\/rossaceramica.com\/index.php\/wp-json\/wp\/v2\/media?parent=2158"}],"curies":[{"name":"wp","href":"https:\/\/api.w.org\/{rel}","templated":true}]}}